{"id":121,"date":"2023-07-27T08:57:24","date_gmt":"2023-07-27T08:57:24","guid":{"rendered":"https:\/\/walzelektonik.live-website.com\/?page_id=121"},"modified":"2025-05-23T08:47:48","modified_gmt":"2025-05-23T06:47:48","slug":"impressum","status":"publish","type":"page","link":"https:\/\/walz-el.de\/en\/impressum\/","title":{"rendered":"Imprint"},"content":{"rendered":"\t\t<div data-elementor-type=\"wp-page\" data-elementor-id=\"121\" class=\"elementor elementor-121\">\n\t\t\t\t<div class=\"elementor-element elementor-element-0e79b00 e-flex e-con-boxed e-con e-parent\" data-id=\"0e79b00\" data-element_type=\"container\">\n\t\t\t\t\t<div class=\"e-con-inner\">\n\t\t<div class=\"elementor-element elementor-element-04873bd e-con-full e-flex e-con e-child\" data-id=\"04873bd\" data-element_type=\"container\">\n\t\t\t\t<div class=\"elementor-element elementor-element-f4ba452 elementor-widget elementor-widget-image\" data-id=\"f4ba452\" data-element_type=\"widget\" data-widget_type=\"image.default\">\n\t\t\t\t<div class=\"elementor-widget-container\">\n\t\t\t<style>\/*! elementor - v3.23.0 - 05-08-2024 *\/\n.elementor-widget-image{text-align:center}.elementor-widget-image a{display:inline-block}.elementor-widget-image a img[src$=\".svg\"]{width:48px}.elementor-widget-image img{vertical-align:middle;display:inline-block}<\/style>\t\t\t\t\t\t\t\t\t\t\t<a href=\"https:\/\/walz-el.de\/\">\n\t\t\t\t\t\t\t<img fetchpriority=\"high\" decoding=\"async\" width=\"768\" height=\"208\" src=\"https:\/\/walz-el.de\/wp-content\/uploads\/2023\/05\/Walz-Logo-ohne-web-10720x2910-be-2-768x208.jpg\" class=\"attachment-medium_large size-medium_large wp-image-130\" alt=\"\" srcset=\"https:\/\/walz-el.de\/wp-content\/uploads\/2023\/05\/Walz-Logo-ohne-web-10720x2910-be-2-768x208.jpg 768w, https:\/\/walz-el.de\/wp-content\/uploads\/2023\/05\/Walz-Logo-ohne-web-10720x2910-be-2-300x81.jpg 300w, https:\/\/walz-el.de\/wp-content\/uploads\/2023\/05\/Walz-Logo-ohne-web-10720x2910-be-2-1024x278.jpg 1024w, https:\/\/walz-el.de\/wp-content\/uploads\/2023\/05\/Walz-Logo-ohne-web-10720x2910-be-2-1536x417.jpg 1536w, https:\/\/walz-el.de\/wp-content\/uploads\/2023\/05\/Walz-Logo-ohne-web-10720x2910-be-2-2048x556.jpg 2048w\" sizes=\"(max-width: 768px) 100vw, 768px\" \/>\t\t\t\t\t\t\t\t<\/a>\n\t\t\t\t\t\t\t\t\t\t\t\t\t<\/div>\n\t\t\t\t<\/div>\n\t\t\t\t<\/div>\n\t\t<div class=\"elementor-element elementor-element-1966b6b e-con-full e-flex e-con e-child\" data-id=\"1966b6b\" data-element_type=\"container\">\n\t\t\t\t<div class=\"elementor-element elementor-element-3c6be28 elementor-widget__width-initial elementor-widget-tablet__width-initial elementor-widget elementor-widget-heading\" data-id=\"3c6be28\" data-element_type=\"widget\" data-widget_type=\"heading.default\">\n\t\t\t\t<div class=\"elementor-widget-container\">\n\t\t\t<style>\/*! elementor - v3.23.0 - 05-08-2024 *\/\n.elementor-heading-title{padding:0;margin:0;line-height:1}.elementor-widget-heading .elementor-heading-title[class*=elementor-size-]>a{color:inherit;font-size:inherit;line-height:inherit}.elementor-widget-heading .elementor-heading-title.elementor-size-small{font-size:15px}.elementor-widget-heading .elementor-heading-title.elementor-size-medium{font-size:19px}.elementor-widget-heading .elementor-heading-title.elementor-size-large{font-size:29px}.elementor-widget-heading .elementor-heading-title.elementor-size-xl{font-size:39px}.elementor-widget-heading .elementor-heading-title.elementor-size-xxl{font-size:59px}<\/style><h2 class=\"elementor-heading-title elementor-size-default\"><a href=\"https:\/\/walz-el.de\/Medizin\">EHL-System<\/a><\/h2>\t\t<\/div>\n\t\t\t\t<\/div>\n\t\t\t\t<\/div>\n\t\t<div class=\"elementor-element elementor-element-b9e10b1 e-con-full e-flex e-con e-child\" data-id=\"b9e10b1\" data-element_type=\"container\">\n\t\t\t\t<div class=\"elementor-element elementor-element-bdc0790 elementor-widget elementor-widget-heading\" data-id=\"bdc0790\" data-element_type=\"widget\" data-widget_type=\"heading.default\">\n\t\t\t\t<div class=\"elementor-widget-container\">\n\t\t\t<h2 class=\"elementor-heading-title elementor-size-default\"><a href=\"https:\/\/walz-el.de\/news\">News<\/a><\/h2>\t\t<\/div>\n\t\t\t\t<\/div>\n\t\t\t\t<\/div>\n\t\t<div class=\"elementor-element elementor-element-73af73e e-con-full e-flex e-con e-child\" data-id=\"73af73e\" data-element_type=\"container\">\n\t\t\t\t<div class=\"elementor-element elementor-element-3d946c3 elementor-widget-tablet__width-initial elementor-widget elementor-widget-heading\" data-id=\"3d946c3\" data-element_type=\"widget\" data-widget_type=\"heading.default\">\n\t\t\t\t<div class=\"elementor-widget-container\">\n\t\t\t<h2 class=\"elementor-heading-title elementor-size-default\"><a href=\"https:\/\/walz-el.de\/Unternehmen\">Unternehmen <\/a><\/h2>\t\t<\/div>\n\t\t\t\t<\/div>\n\t\t\t\t<\/div>\n\t\t<div class=\"elementor-element elementor-element-cb4fdb7 e-con-full e-flex e-con e-child\" data-id=\"cb4fdb7\" data-element_type=\"container\">\n\t\t\t\t<div class=\"elementor-element elementor-element-d88057b elementor-widget elementor-widget-heading\" data-id=\"d88057b\" data-element_type=\"widget\" data-widget_type=\"heading.default\">\n\t\t\t\t<div class=\"elementor-widget-container\">\n\t\t\t<h2 class=\"elementor-heading-title elementor-size-default\"><a href=\"https:\/\/walz-el.de\/Industrie\">Industrie <\/a><\/h2>\t\t<\/div>\n\t\t\t\t<\/div>\n\t\t\t\t<\/div>\n\t\t<div class=\"elementor-element elementor-element-cccb857 e-con-full e-flex e-con e-child\" data-id=\"cccb857\" data-element_type=\"container\">\n\t\t\t\t<div class=\"elementor-element elementor-element-d0c493f elementor-widget-tablet__width-initial elementor-widget elementor-widget-heading\" data-id=\"d0c493f\" data-element_type=\"widget\" data-widget_type=\"heading.default\">\n\t\t\t\t<div class=\"elementor-widget-container\">\n\t\t\t<h2 class=\"elementor-heading-title elementor-size-default\"><a href=\"https:\/\/walz-el.de\/Kontakt\">Kontakt <\/a><\/h2>\t\t<\/div>\n\t\t\t\t<\/div>\n\t\t\t\t<\/div>\n\t\t\t\t\t<\/div>\n\t\t\t\t<\/div>\n\t\t<div class=\"elementor-element elementor-element-03657d8 e-flex e-con-boxed e-con e-parent\" data-id=\"03657d8\" data-element_type=\"container\" data-settings=\"{&quot;background_background&quot;:&quot;classic&quot;}\">\n\t\t\t\t\t<div class=\"e-con-inner\">\n\t\t\t\t<div class=\"elementor-element elementor-element-602bdc1 elementor-widget elementor-widget-heading\" data-id=\"602bdc1\" data-element_type=\"widget\" data-widget_type=\"heading.default\">\n\t\t\t\t<div class=\"elementor-widget-container\">\n\t\t\t<h2 class=\"elementor-heading-title elementor-size-default\">Impressum<\/h2>\t\t<\/div>\n\t\t\t\t<\/div>\n\t\t\t\t\t<\/div>\n\t\t\t\t<\/div>\n\t\t<div class=\"elementor-element elementor-element-6486434 e-flex e-con-boxed e-con e-parent\" data-id=\"6486434\" data-element_type=\"container\">\n\t\t\t\t\t<div class=\"e-con-inner\">\n\t\t\t\t<div class=\"elementor-element elementor-element-131747d elementor-widget elementor-widget-text-editor\" data-id=\"131747d\" data-element_type=\"widget\" data-widget_type=\"text-editor.default\">\n\t\t\t\t<div class=\"elementor-widget-container\">\n\t\t\t<style>\/*! elementor - v3.23.0 - 05-08-2024 *\/\n.elementor-widget-text-editor.elementor-drop-cap-view-stacked .elementor-drop-cap{background-color:#69727d;color:#fff}.elementor-widget-text-editor.elementor-drop-cap-view-framed .elementor-drop-cap{color:#69727d;border:3px solid;background-color:transparent}.elementor-widget-text-editor:not(.elementor-drop-cap-view-default) .elementor-drop-cap{margin-top:8px}.elementor-widget-text-editor:not(.elementor-drop-cap-view-default) .elementor-drop-cap-letter{width:1em;height:1em}.elementor-widget-text-editor .elementor-drop-cap{float:left;text-align:center;line-height:1;font-size:50px}.elementor-widget-text-editor .elementor-drop-cap-letter{display:inline-block}<\/style>\t\t\t\t<div class=\"content clearfix\"><div class=\"field field-name-body field-type-text-with-summary field-label-hidden\"><div class=\"field-items\"><div class=\"field-item even\"><h2>Angaben gem\u00e4\u00df \u00a7 5 TMG<\/h2><p><strong>Walz Elektronik GmbH<\/strong><br \/>Walddorfer Stra\u00dfe 40<br \/>72229 Rohrdorf<\/p><p><strong>Telefon:<\/strong> +49 7452 2020<br \/><strong>E-Mail:<\/strong> <a href=\"mailto:info@walz-el.de\">info@walz-el.de<\/a><\/p><p><strong>Gesch\u00e4ftsf\u00fchrer:<\/strong> Bernd Vollmer<\/p><p><strong>Handelsregistereintrag:<\/strong> Registergericht Stuttgart, HRB-Nr.: 340131<\/p><p><strong>Umsatzsteuer-ID:<\/strong> DE144432698<\/p><h2>Online-Streitbeilegung<\/h2><p>Die Europ\u00e4ische Kommission stellt unter <a href=\"https:\/\/ec.europa.eu\/consumers\/odr\/\" target=\"_blank\" rel=\"noopener\">https:\/\/ec.europa.eu\/consumers\/odr\/<\/a> eine Plattform zur Online-Streitbeilegung bereit, die Verbraucher f\u00fcr die Beilegung einer Streitigkeit nutzen k\u00f6nnen und auf der weitere Informationen zum Thema Streitschlichtung zu finden sind.<\/p><h2>Au\u00dfergerichtliche Streitbeilegung<\/h2><p>Wir sind weder verpflichtet noch dazu bereit, im Falle einer Streitigkeit mit einem Verbraucher an einem Streitbeilegungsverfahren vor einer Verbraucherschlichtungsstelle teilzunehmen.<\/p><\/div><\/div><\/div><\/div>\t\t\t\t\t\t<\/div>\n\t\t\t\t<\/div>\n\t\t\t\t\t<\/div>\n\t\t\t\t<\/div>\n\t\t<div class=\"elementor-element elementor-element-0e52714 e-flex e-con-boxed e-con e-parent\" data-id=\"0e52714\" data-element_type=\"container\">\n\t\t\t\t\t<div class=\"e-con-inner\">\n\t\t\t\t\t<\/div>\n\t\t\t\t<\/div>\n\t\t\t\t<\/div>\n\t\t","protected":false},"excerpt":{"rendered":"<p>EHL-System News Unternehmen Industrie Kontakt Impressum Angaben gem\u00e4\u00df \u00a7 5 TMG Walz Elektronik GmbHWalddorfer Stra\u00dfe 4072229 Rohrdorf Telefon: +49 7452 2020E-Mail: info@walz-el.de Gesch\u00e4ftsf\u00fchrer: Bernd Vollmer Handelsregistereintrag: Registergericht Stuttgart, HRB-Nr.: 340131 [&hellip;]<\/p>\n","protected":false},"author":1,"featured_media":0,"parent":0,"menu_order":0,"comment_status":"closed","ping_status":"closed","template":"elementor_header_footer","meta":{"_monsterinsights_skip_tracking":false,"_monsterinsights_sitenote_active":false,"_monsterinsights_sitenote_note":"","_monsterinsights_sitenote_category":0,"ocean_post_layout":"","ocean_both_sidebars_style":"","ocean_both_sidebars_content_width":0,"ocean_both_sidebars_sidebars_width":0,"ocean_sidebar":"0","ocean_second_sidebar":"0","ocean_disable_margins":"enable","ocean_add_body_class":"","ocean_shortcode_before_top_bar":"","ocean_shortcode_after_top_bar":"","ocean_shortcode_before_header":"","ocean_shortcode_after_header":"","ocean_has_shortcode":"","ocean_shortcode_after_title":"","ocean_shortcode_before_footer_widgets":"","ocean_shortcode_after_footer_widgets":"","ocean_shortcode_before_footer_bottom":"","ocean_shortcode_after_footer_bottom":"","ocean_display_top_bar":"off","ocean_display_header":"off","ocean_header_style":"","ocean_center_header_left_menu":"0","ocean_custom_header_template":"0","ocean_custom_logo":0,"ocean_custom_retina_logo":0,"ocean_custom_logo_max_width":0,"ocean_custom_logo_tablet_max_width":0,"ocean_custom_logo_mobile_max_width":0,"ocean_custom_logo_max_height":0,"ocean_custom_logo_tablet_max_height":0,"ocean_custom_logo_mobile_max_height":0,"ocean_header_custom_menu":"0","ocean_menu_typo_font_family":"0","ocean_menu_typo_font_subset":"","ocean_menu_typo_font_size":0,"ocean_menu_typo_font_size_tablet":0,"ocean_menu_typo_font_size_mobile":0,"ocean_menu_typo_font_size_unit":"px","ocean_menu_typo_font_weight":"","ocean_menu_typo_font_weight_tablet":"","ocean_menu_typo_font_weight_mobile":"","ocean_menu_typo_transform":"","ocean_menu_typo_transform_tablet":"","ocean_menu_typo_transform_mobile":"","ocean_menu_typo_line_height":0,"ocean_menu_typo_line_height_tablet":0,"ocean_menu_typo_line_height_mobile":0,"ocean_menu_typo_line_height_unit":"","ocean_menu_typo_spacing":0,"ocean_menu_typo_spacing_tablet":0,"ocean_menu_typo_spacing_mobile":0,"ocean_menu_typo_spacing_unit":"","ocean_menu_link_color":"","ocean_menu_link_color_hover":"","ocean_menu_link_color_active":"","ocean_menu_link_background":"","ocean_menu_link_hover_background":"","ocean_menu_link_active_background":"","ocean_menu_social_links_bg":"","ocean_menu_social_hover_links_bg":"","ocean_menu_social_links_color":"","ocean_menu_social_hover_links_color":"","ocean_disable_title":"on","ocean_disable_heading":"default","ocean_post_title":"","ocean_post_subheading":"","ocean_post_title_style":"","ocean_post_title_background_color":"","ocean_post_title_background":0,"ocean_post_title_bg_image_position":"","ocean_post_title_bg_image_attachment":"","ocean_post_title_bg_image_repeat":"","ocean_post_title_bg_image_size":"","ocean_post_title_height":0,"ocean_post_title_bg_overlay":0.5,"ocean_post_title_bg_overlay_color":"","ocean_disable_breadcrumbs":"default","ocean_breadcrumbs_color":"","ocean_breadcrumbs_separator_color":"","ocean_breadcrumbs_links_color":"","ocean_breadcrumbs_links_hover_color":"","ocean_display_footer_widgets":"default","ocean_display_footer_bottom":"default","ocean_custom_footer_template":"0"},"aioseo_notices":[],"_links":{"self":[{"href":"https:\/\/walz-el.de\/en\/wp-json\/wp\/v2\/pages\/121"}],"collection":[{"href":"https:\/\/walz-el.de\/en\/wp-json\/wp\/v2\/pages"}],"about":[{"href":"https:\/\/walz-el.de\/en\/wp-json\/wp\/v2\/types\/page"}],"author":[{"embeddable":true,"href":"https:\/\/walz-el.de\/en\/wp-json\/wp\/v2\/users\/1"}],"replies":[{"embeddable":true,"href":"https:\/\/walz-el.de\/en\/wp-json\/wp\/v2\/comments?post=121"}],"version-history":[{"count":25,"href":"https:\/\/walz-el.de\/en\/wp-json\/wp\/v2\/pages\/121\/revisions"}],"predecessor-version":[{"id":1147,"href":"https:\/\/walz-el.de\/en\/wp-json\/wp\/v2\/pages\/121\/revisions\/1147"}],"wp:attachment":[{"href":"https:\/\/walz-el.de\/en\/wp-json\/wp\/v2\/media?parent=121"}],"curies":[{"name":"wp","href":"https:\/\/api.w.org\/{rel}","templated":true}]}}